{"id":23,"date":"2014-07-13T17:57:50","date_gmt":"2014-07-13T17:57:50","guid":{"rendered":"http:\/\/mc-night-creepers.de\/?page_id=23"},"modified":"2025-04-09T12:45:04","modified_gmt":"2025-04-09T12:45:04","slug":"geschichte","status":"publish","type":"page","link":"http:\/\/mc-night-creepers.de\/?page_id=23","title":{"rendered":"HISTORY"},"content":{"rendered":"<h1><span style=\"font-family: 'AR JULIAN';\"><span style=\"font-size: x-large;\"><span style=\"text-decoration: underline;\">\u00dcber die Enstehung des MC- Night Creepers:<\/span><\/span><\/span><\/h1>\n<p><span style=\"font-family: 'AR JULIAN';\"><span style=\"font-size: large;\">Urmember Maske hatte als erstes ein Motorrad, was seine Kumpels toll fanden. So etwas wollten Sie auch haben. So kam ein Motorrad nach dem anderen dazu. Schon kurz darauf bretterten Sie die ersten Rally&#8217;s an \u2013 ohne Colour und ohne Club, aber mit einem riesen Spa\u00df an der Sache. Es war dieser Schritt aus dem normalen ins wilde Leben hinein, der uns fazinierte.<\/span><\/span><\/p>\n<p><span style=\"font-family: 'AR JULIAN';\"><span style=\"font-size: large;\">Hier konnten wir uns austoben, gerade so wie wir Bock hatten. In Schlamml\u00f6chern w\u00e4lzen, saufen bis zum Abwinken und keiner da, der sich beschwerte.<\/span><\/span><\/p>\n<p><a href=\"http:\/\/mc-night-creepers.de\/wp-content\/uploads\/2014\/07\/IMG-20141115-WA0015.jpg\"><img loading=\"lazy\" decoding=\"async\" class=\"alignnone  wp-image-353\" src=\"http:\/\/mc-night-creepers.de\/wp-content\/uploads\/2014\/07\/IMG-20141115-WA0015-225x300.jpg\" alt=\"IMG-20141115-WA0015\" width=\"169\" height=\"225\" srcset=\"http:\/\/mc-night-creepers.de\/wp-content\/uploads\/2014\/07\/IMG-20141115-WA0015-225x300.jpg 225w, http:\/\/mc-night-creepers.de\/wp-content\/uploads\/2014\/07\/IMG-20141115-WA0015-768x1024.jpg 768w, http:\/\/mc-night-creepers.de\/wp-content\/uploads\/2014\/07\/IMG-20141115-WA0015-765x1020.jpg 765w, http:\/\/mc-night-creepers.de\/wp-content\/uploads\/2014\/07\/IMG-20141115-WA0015-900x1200.jpg 900w, http:\/\/mc-night-creepers.de\/wp-content\/uploads\/2014\/07\/IMG-20141115-WA0015.jpg 960w\" sizes=\"auto, (max-width: 169px) 100vw, 169px\" \/><\/a><img loading=\"lazy\" decoding=\"async\" class=\"alignnone size-medium wp-image-351\" src=\"http:\/\/mc-night-creepers.de\/wp-content\/uploads\/2014\/07\/IMG-20141115-WA0013-300x225.jpg\" alt=\"IMG-20141115-WA0013\" width=\"300\" height=\"225\" srcset=\"http:\/\/mc-night-creepers.de\/wp-content\/uploads\/2014\/07\/IMG-20141115-WA0013-300x225.jpg 300w, http:\/\/mc-night-creepers.de\/wp-content\/uploads\/2014\/07\/IMG-20141115-WA0013-1024x768.jpg 1024w, http:\/\/mc-night-creepers.de\/wp-content\/uploads\/2014\/07\/IMG-20141115-WA0013-765x573.jpg 765w, http:\/\/mc-night-creepers.de\/wp-content\/uploads\/2014\/07\/IMG-20141115-WA0013-900x675.jpg 900w, http:\/\/mc-night-creepers.de\/wp-content\/uploads\/2014\/07\/IMG-20141115-WA0013.jpg 1280w\" sizes=\"auto, (max-width: 300px) 100vw, 300px\" \/><\/p>\n<p><img loading=\"lazy\" decoding=\"async\" class=\"alignnone  wp-image-348\" src=\"http:\/\/mc-night-creepers.de\/wp-content\/uploads\/2014\/07\/IMG-20141115-WA0010-225x300.jpg\" alt=\"IMG-20141115-WA0010\" width=\"167\" height=\"222\" srcset=\"http:\/\/mc-night-creepers.de\/wp-content\/uploads\/2014\/07\/IMG-20141115-WA0010-225x300.jpg 225w, http:\/\/mc-night-creepers.de\/wp-content\/uploads\/2014\/07\/IMG-20141115-WA0010-768x1024.jpg 768w, http:\/\/mc-night-creepers.de\/wp-content\/uploads\/2014\/07\/IMG-20141115-WA0010-765x1020.jpg 765w, http:\/\/mc-night-creepers.de\/wp-content\/uploads\/2014\/07\/IMG-20141115-WA0010-900x1200.jpg 900w, http:\/\/mc-night-creepers.de\/wp-content\/uploads\/2014\/07\/IMG-20141115-WA0010.jpg 960w\" sizes=\"auto, (max-width: 167px) 100vw, 167px\" \/><img loading=\"lazy\" decoding=\"async\" class=\"alignnone size-medium wp-image-343\" src=\"http:\/\/mc-night-creepers.de\/wp-content\/uploads\/2014\/07\/IMG-20141115-WA0005-300x225.jpg\" alt=\"IMG-20141115-WA0005\" width=\"300\" height=\"225\" srcset=\"http:\/\/mc-night-creepers.de\/wp-content\/uploads\/2014\/07\/IMG-20141115-WA0005-300x225.jpg 300w, http:\/\/mc-night-creepers.de\/wp-content\/uploads\/2014\/07\/IMG-20141115-WA0005-1024x768.jpg 1024w, http:\/\/mc-night-creepers.de\/wp-content\/uploads\/2014\/07\/IMG-20141115-WA0005-765x573.jpg 765w, http:\/\/mc-night-creepers.de\/wp-content\/uploads\/2014\/07\/IMG-20141115-WA0005-900x675.jpg 900w, http:\/\/mc-night-creepers.de\/wp-content\/uploads\/2014\/07\/IMG-20141115-WA0005.jpg 1280w\" sizes=\"auto, (max-width: 300px) 100vw, 300px\" \/><\/p>\n<p><span style=\"font-family: 'AR JULIAN';\"><span style=\"font-size: large;\">Schnell gesellten sich weitere dazu. Sechs Mann und eine Frau waren es, die im Mai 1981 den Night Creepers MC gr\u00fcndeten. Die Namensfindung war nicht einfach. Anfangs wollten wir uns &#8222;Reapers&#8220; oder &#8222;Scorpion \u2013 Crew&#8220; nennen. Diese Namen waren allerdings schon vergeben und schnell hatten wir gelernt die Gesetze der Szene zu respektieren. &#8222;Rick&#8220; war ein in Neukirchen lebender Ami und Kneipenwirt des bevorzugten Clubtreffs. Er kam auf die z\u00fcndende Idee: &#8222;Ihr sauft doch immer bis sp\u00e4t in die Nacht und schleicht dann nach Hause, ihr seid doch echte &#8222;Night Creepers&#8220;.&#8220; Da war er; der passende Name.<\/span><\/span><\/p>\n<h2><span style=\"font-family: 'AR JULIAN';\"><span style=\"text-decoration: underline;\"><b>Einstand in die Szene:<\/b><\/span><\/span><\/h2>\n<p><span style=\"font-family: 'AR JULIAN';\"><span style=\"font-size: large;\">Jetzt endlich f\u00fchlten wir uns als echter Club und sahen und nat\u00fcrlich in der Pflicht, selbst eine Party zu veranstalten. Dies sollte der Einstand in die Szene werden. Wir buchten die Grillh\u00fctte nebst Acker an der &#8222;Sch\u00f6nen Aussicht&#8220;. Erst einmal am Feiern, hatten wir keine Lust mehr damit wieder aufzuh\u00f6ren. Was folgte, war die vermutlich l\u00e4ngste Party der deutschen Biker \u2013 Geschichte. Sechs Wochen wurden es, in denen wir uns mit einer zunehmenden Zahl an G\u00e4sten Tag f\u00fcr Tag die Kante gaben. Um die 40 Leute feierten zu guter letzt. Die Versorgung hatte ein regelm\u00e4\u00dfig anfahrender Bierlaster geregelt.<\/span><\/span><\/p>\n<p><span style=\"font-family: 'AR JULIAN';\"><span style=\"font-size: large;\"><img loading=\"lazy\" decoding=\"async\" class=\"aligncenter  wp-image-347\" src=\"http:\/\/mc-night-creepers.de\/wp-content\/uploads\/2014\/07\/IMG-20141115-WA0009-225x300.jpg\" alt=\"IMG-20141115-WA0009\" width=\"190\" height=\"253\" srcset=\"http:\/\/mc-night-creepers.de\/wp-content\/uploads\/2014\/07\/IMG-20141115-WA0009-225x300.jpg 225w, http:\/\/mc-night-creepers.de\/wp-content\/uploads\/2014\/07\/IMG-20141115-WA0009-768x1024.jpg 768w, http:\/\/mc-night-creepers.de\/wp-content\/uploads\/2014\/07\/IMG-20141115-WA0009-765x1020.jpg 765w, http:\/\/mc-night-creepers.de\/wp-content\/uploads\/2014\/07\/IMG-20141115-WA0009-900x1200.jpg 900w, http:\/\/mc-night-creepers.de\/wp-content\/uploads\/2014\/07\/IMG-20141115-WA0009.jpg 960w\" sizes=\"auto, (max-width: 190px) 100vw, 190px\" \/><\/span><\/span><\/p>\n<p><span style=\"font-family: 'AR JULIAN';\"><span style=\"font-size: large;\">Zum Schluss waren die Kassen leer: fast 40.000 DM verfeiert und die Lebern waren angeschwollen wie Fu\u00dfb\u00e4lle. Schlie\u00dflich beendete die Gemeinde das wilde Treiben. Als Protest nahmen die Night Creepers kurz darauf, sehr zum \u00c4rger der Offiziellen, am \u00f6rtlichen Kirmesumzug mit einem Motivwagen teil. Motto: &#8222;Urlaub auf der sch\u00f6nen Aussicht&#8220;.<\/span><\/span><\/p>\n<p><span style=\"font-family: 'AR JULIAN';\"><span style=\"font-size: large;\">Das bis heute unver\u00e4nderte Colour wurde noch im Gr\u00fcndungsjahr angefertigt. Der Reiter mit Zylinder, der \u00fcber den Friedhof reitet, entstammt dem Plattencover einer damals aktuellen Led Zeppelin LP &#8222;The song remains the same&#8220;. Gleich wurden 20 Colours gestickt. Man ahnte die kommende Entwicklung.<\/span><\/span><\/p>\n<p><img loading=\"lazy\" decoding=\"async\" class=\"aligncenter size-medium wp-image-7\" src=\"http:\/\/mc-night-creepers.de\/wp-content\/uploads\/2014\/07\/colour1-283x300.jpg\" alt=\"colour\" width=\"283\" height=\"300\" srcset=\"http:\/\/mc-night-creepers.de\/wp-content\/uploads\/2014\/07\/colour1-283x300.jpg 283w, http:\/\/mc-night-creepers.de\/wp-content\/uploads\/2014\/07\/colour1.jpg 290w\" sizes=\"auto, (max-width: 283px) 100vw, 283px\" \/><\/p>\n<h2><span style=\"font-family: 'AR JULIAN';\"><span style=\"text-decoration: underline;\"><b>Entwicklungsjahre des MC&#8217;s<\/b><\/span><\/span><\/h2>\n<p><span style=\"font-family: 'AR JULIAN';\"><span style=\"font-size: large;\">Es folgten die typischen Entwicklungsjahre eines MC&#8217;s. 1982 z\u00e4hlten die Night Creepers 11 Member und 6 Prospects. Einige gingen wieder, weil Sie dann doch nicht passten, oder weil sonstige Pflichten in den Vordergrund traten.<\/span><\/span><\/p>\n<p><span style=\"font-family: 'AR JULIAN';\"><span style=\"font-size: large;\">Die Jahre brachten H\u00f6hepunkte und auch schwierige Zeiten. Als einmal einem Night Creeper die Kutte abgenommen wurde, war klar: &#8222;Die holen wir uns wieder!&#8220; &#8211; was auch nachdr\u00fccklich geschah. Als ein \u00fcberregionaler Club einen der kleinen Ans\u00e4ssigen \u00fcbernehmen wollte, empfing ihn gar die geballte Nachbarschaftshilfe der Schw\u00e4lmer Clubs.<\/span><\/span><\/p>\n<p><span style=\"font-family: 'AR JULIAN';\"><span style=\"font-size: large;\">Letztlich aber konnte man sich immer arrangieren und bis heute besteht ein gutes Verh\u00e4ltnis zu benachbarten Clubs.<\/span><\/span><\/p>\n<p><span style=\"font-family: 'AR JULIAN';\"><span style=\"font-size: large;\">Weit \u00fcber 20 Mann fuhren in der Bl\u00fctezeit unter dem Zylinderreiter auf dem R\u00fccken. Mittlerweile hat sich die Zahl stabilisiert. Wie im Gr\u00fcndungsjahr ist auch heute eine Frau mit Vollcolour dabei.<\/span><\/span><\/p>\n<p><span style=\"font-family: 'AR JULIAN';\"><span style=\"font-size: large;\">Alles wird gemeinsam im Club besprochen und entschieden. Man nimmt es ernst mit der Gemeinschaft. Zu der geh\u00f6rt auch die Einbeziehung der Familien. Wenn es auf Fahrt geht sind, wann immer m\u00f6glich, die Familien dabei. Dann kommt es schonmal vor, dass wir gleichzeitig den Pokal f\u00fcr den \u00e4ltesten wie auch den j\u00fcngsten Teilnehmer mit nach Hause nehmen.<\/span><\/span><\/p>\n<h2><span style=\"font-family: 'AR JULIAN';\"><span style=\"text-decoration: underline;\"><b>Die Suche nach dem Clubshaus<\/b><\/span><\/span><\/h2>\n<p><span style=\"font-family: 'AR JULIAN';\"><span style=\"font-size: large;\">\u00dcber viele Jahre blieb das Clubhaus ein Problem. Immer wieder wurden dem Club Steine in den Weg gelegt und immer wieder musste man neu auf die Suche gehen. Irgendwann versuchte man es gar mit einem rollenden Clubhaus; einem alten Polizeibus, den man g\u00fcnstig erworben hatte. Der allerdings war noch original lackiert und fahrt\u00fcchtig, weshalb nach kurzer Zeit das offizielle Stopp verh\u00e4ngt wurde. Danach traf man sich in Kneipen, bei Naffi im Keller oder in einem angemieteten Raum im ehemaligen S\u00e4gewerk.<\/span><\/span><\/p>\n<p><img loading=\"lazy\" decoding=\"async\" class=\"aligncenter wp-image-354 size-medium\" src=\"http:\/\/mc-night-creepers.de\/wp-content\/uploads\/2014\/07\/IMG-20141115-WA0016-300x225.jpg\" alt=\"IMG-20141115-WA0016\" width=\"300\" height=\"225\" srcset=\"http:\/\/mc-night-creepers.de\/wp-content\/uploads\/2014\/07\/IMG-20141115-WA0016-300x225.jpg 300w, http:\/\/mc-night-creepers.de\/wp-content\/uploads\/2014\/07\/IMG-20141115-WA0016-1024x768.jpg 1024w, http:\/\/mc-night-creepers.de\/wp-content\/uploads\/2014\/07\/IMG-20141115-WA0016-765x573.jpg 765w, http:\/\/mc-night-creepers.de\/wp-content\/uploads\/2014\/07\/IMG-20141115-WA0016-900x675.jpg 900w, http:\/\/mc-night-creepers.de\/wp-content\/uploads\/2014\/07\/IMG-20141115-WA0016.jpg 1280w\" sizes=\"auto, (max-width: 300px) 100vw, 300px\" \/><\/p>\n<p><span style=\"font-family: 'AR JULIAN';\"><span style=\"font-size: large;\">Erst im Jahr 2004 wurden die Night Creepers heimisch. Die Gelegenheit ergab sich mit einem leerstehenden Vereinsgeb\u00e4ude. Viel Arbeit war in dem abgewirtschafteten Bau zu leisten. In Eigenleistung erfolgte \u00fcber die Jahre der Ausbau zu einem beeindruckenden Clubhaus.<\/span><\/span><\/p>\n<p><img loading=\"lazy\" decoding=\"async\" class=\"wp-image-357 size-medium aligncenter\" src=\"http:\/\/mc-night-creepers.de\/wp-content\/uploads\/2014\/07\/IMG-20141115-WA0022-300x168.jpg\" alt=\"IMG-20141115-WA0022\" width=\"300\" height=\"168\" srcset=\"http:\/\/mc-night-creepers.de\/wp-content\/uploads\/2014\/07\/IMG-20141115-WA0022-300x168.jpg 300w, http:\/\/mc-night-creepers.de\/wp-content\/uploads\/2014\/07\/IMG-20141115-WA0022-1024x576.jpg 1024w, http:\/\/mc-night-creepers.de\/wp-content\/uploads\/2014\/07\/IMG-20141115-WA0022-765x430.jpg 765w, http:\/\/mc-night-creepers.de\/wp-content\/uploads\/2014\/07\/IMG-20141115-WA0022-900x506.jpg 900w, http:\/\/mc-night-creepers.de\/wp-content\/uploads\/2014\/07\/IMG-20141115-WA0022.jpg 1280w\" sizes=\"auto, (max-width: 300px) 100vw, 300px\" \/><\/p>\n<h2><span style=\"font-family: 'AR JULIAN';\"><span style=\"text-decoration: underline;\"><b>Jubil\u00e4um im August 2011<\/b><\/span><\/span><\/h2>\n<p><span style=\"font-family: 'AR JULIAN';\"><span style=\"font-size: large;\">Im August 2011 feierte der MC- Night Creepers sein 30 j\u00e4hriges Bestehen mit einer Party im guten alten Stil. Daf\u00fcr stehen die Night Creepers, die die Traditionen der fr\u00fchen Bikerszene bis heute pflegen und leben.<\/span><\/span><\/p>\n<h2>\u00a0<span style=\"text-decoration: underline;\"><strong>Jubil\u00e4um im August 2021<\/strong><\/span><\/h2>\n<p><strong>Im August 2021 feierte der MC-Night Creepers sein 40 J\u00e4hriges Bestehen.<\/strong><\/p>\n<p><span style=\"font-family: 'AR JULIAN';\"><span style=\"font-size: large;\">Unser gemeinsames Ziel wie damals: <i>Kameradschaft, Freundschaft &amp; Respekt<\/i><\/span><\/span><\/p>\n<h1><span style=\"font-family: 'AR JULIAN';\"><b><i>KLAGT NICHT, K\u00c4MPFT!<\/i><\/b><\/span><\/h1>\n","protected":false},"excerpt":{"rendered":"<p>\u00dcber die Enstehung des MC- Night Creepers: Urmember Maske hatte als erstes ein Motorrad, was seine Kumpels toll fanden. So etwas wollten Sie auch haben. So kam ein Motorrad nach<\/p>\n<p class=\"more-link\"><a class=\"button\" href=\"http:\/\/mc-night-creepers.de\/?page_id=23\" class=\"readmore\">Continue reading<span class=\"screen-reader-text\">HISTORY<\/span><\/a><\/p>\n","protected":false},"author":1,"featured_media":0,"parent":0,"menu_order":0,"comment_status":"closed","ping_status":"closed","template":"","meta":{"footnotes":""},"class_list":["post-23","page","type-page","status-publish","hentry"],"_links":{"self":[{"href":"http:\/\/mc-night-creepers.de\/index.php?rest_route=\/wp\/v2\/pages\/23","targetHints":{"allow":["GET"]}}],"collection":[{"href":"http:\/\/mc-night-creepers.de\/index.php?rest_route=\/wp\/v2\/pages"}],"about":[{"href":"http:\/\/mc-night-creepers.de\/index.php?rest_route=\/wp\/v2\/types\/page"}],"author":[{"embeddable":true,"href":"http:\/\/mc-night-creepers.de\/index.php?rest_route=\/wp\/v2\/users\/1"}],"replies":[{"embeddable":true,"href":"http:\/\/mc-night-creepers.de\/index.php?rest_route=%2Fwp%2Fv2%2Fcomments&post=23"}],"version-history":[{"count":20,"href":"http:\/\/mc-night-creepers.de\/index.php?rest_route=\/wp\/v2\/pages\/23\/revisions"}],"predecessor-version":[{"id":989,"href":"http:\/\/mc-night-creepers.de\/index.php?rest_route=\/wp\/v2\/pages\/23\/revisions\/989"}],"wp:attachment":[{"href":"http:\/\/mc-night-creepers.de\/index.php?rest_route=%2Fwp%2Fv2%2Fmedia&parent=23"}],"curies":[{"name":"wp","href":"https:\/\/api.w.org\/{rel}","templated":true}]}}